{"id":569,"date":"2025-04-25T09:24:46","date_gmt":"2025-04-25T09:24:46","guid":{"rendered":"https:\/\/mirepoix-pneus-service-auto.com\/?page_id=569"},"modified":"2025-05-07T10:51:35","modified_gmt":"2025-05-07T10:51:35","slug":"page-a-propos","status":"publish","type":"page","link":"https:\/\/mirepoix-pneus-service-auto.com\/?page_id=569","title":{"rendered":"A PROPOS"},"content":{"rendered":"\t\t<div data-elementor-type=\"wp-page\" data-elementor-id=\"569\" class=\"elementor elementor-569\">\n\t\t\t\t<div class=\"elementor-element elementor-element-772b58f e-flex e-con-boxed e-con e-parent\" data-id=\"772b58f\" data-element_type=\"container\" data-e-type=\"container\">\n\t\t\t\t\t<div class=\"e-con-inner\">\n\t\t<div class=\"elementor-element elementor-element-64011a9 e-con-full e-flex e-con e-child\" data-id=\"64011a9\" data-element_type=\"container\" data-e-type=\"container\">\n\t\t\t\t<div class=\"elementor-element elementor-element-ec1e6ac elementor-widget elementor-widget-heading\" data-id=\"ec1e6ac\" data-element_type=\"widget\" data-e-type=\"widget\" data-widget_type=\"heading.default\">\n\t\t\t\t<div class=\"elementor-widget-container\">\n\t\t\t\t\t<h2 class=\"elementor-heading-title elementor-size-default\">A PROPOS DE NOTRE GARAGE<\/h2>\t\t\t\t<\/div>\n\t\t\t\t<\/div>\n\t\t\t\t<div class=\"elementor-element elementor-element-66f1155 elementor-widget elementor-widget-heading\" data-id=\"66f1155\" data-element_type=\"widget\" data-e-type=\"widget\" data-widget_type=\"heading.default\">\n\t\t\t\t<div class=\"elementor-widget-container\">\n\t\t\t\t\t<h2 class=\"elementor-heading-title elementor-size-default\"><a href=\"https:\/\/mirepoix-pneus-service-auto.com\/\" target=\"_blank\">MIREPOIX PNEUS SERVICE AUTO<\/a><\/h2>\t\t\t\t<\/div>\n\t\t\t\t<\/div>\n\t\t\t\t<div class=\"elementor-element elementor-element-e2dcfeb elementor-widget elementor-widget-text-editor\" data-id=\"e2dcfeb\" data-element_type=\"widget\" data-e-type=\"widget\" data-widget_type=\"text-editor.default\">\n\t\t\t\t<div class=\"elementor-widget-container\">\n\t\t\t\t\t\t\t\t\t<p><span class=\"OYPEnA font-feature-liga-off font-feature-clig-off font-feature-calt-off text-decoration-none text-strikethrough-none\"><b><strong>Gust BORMANS <\/strong><\/b>a repris le garage Mirepoix Pneus Service Auto<\/span><span class=\"OYPEnA font-feature-liga-off font-feature-clig-off font-feature-calt-off text-decoration-none text-strikethrough-none\"> le 6 janvier dernier. Avec plus de vingt ann\u00e9es d\u2019exp\u00e9rience dans le m\u00e9tier, le nouveau g\u00e9rant vous apporte son expertise en pneumatiques et m\u00e9canique g\u00e9n\u00e9rale. Ancien m\u00e9canicien salari\u00e9 \u00e0 Laroque d\u2019Olmes, Gust BORMANS a souhait\u00e9 garder les m\u00eames tarifs que son pr\u00e9d\u00e9cesseur et garantir les m\u00eames services professionnels de qualit\u00e9. Des voitures d\u2019occasion, des pneus ainsi que des pi\u00e8ce\u00a0 d\u00e9tacher sont \u00e9galement propos\u00e9es \u00e0 la vente. L\u2019enseigne fait partie du r\u00e9seau Garage Premier : il est possible de prendre rendez-vous en ligne sur garage-premier.fr.<\/span><\/p>\t\t\t\t\t\t\t\t<\/div>\n\t\t\t\t<\/div>\n\t\t\t\t<div class=\"elementor-element elementor-element-220c510 elementor-align-center elementor-widget elementor-widget-button\" data-id=\"220c510\" data-element_type=\"widget\" data-e-type=\"widget\" data-widget_type=\"button.default\">\n\t\t\t\t<div class=\"elementor-widget-container\">\n\t\t\t\t\t\t\t\t\t<div class=\"elementor-button-wrapper\">\n\t\t\t\t\t<a class=\"elementor-button elementor-button-link elementor-size-sm\" href=\"https:\/\/mirepoix-pneus-service-auto.com\/\">\n\t\t\t\t\t\t<span class=\"elementor-button-content-wrapper\">\n\t\t\t\t\t\t\t\t\t<span class=\"elementor-button-text\">VERS L'ACCEUIL<\/span>\n\t\t\t\t\t<\/span>\n\t\t\t\t\t<\/a>\n\t\t\t\t<\/div>\n\t\t\t\t\t\t\t\t<\/div>\n\t\t\t\t<\/div>\n\t\t\t\t<\/div>\n\t\t<div class=\"elementor-element elementor-element-61f85ee e-con-full e-flex e-con e-child\" data-id=\"61f85ee\" data-element_type=\"container\" data-e-type=\"container\">\n\t\t\t\t<div class=\"elementor-element elementor-element-0968d71 elementor-widget__width-inherit elementor-widget elementor-widget-image\" data-id=\"0968d71\" data-element_type=\"widget\" data-e-type=\"widget\" data-widget_type=\"image.default\">\n\t\t\t\t<div class=\"elementor-widget-container\">\n\t\t\t\t\t\t\t\t\t\t\t\t\t\t\t<img fetchpriority=\"high\" decoding=\"async\" width=\"980\" height=\"598\" src=\"https:\/\/i0.wp.com\/mirepoix-pneus-service-auto.com\/wp-content\/uploads\/2025\/05\/MIREPOIX-PNEUS-980x598.jpg.webp?fit=980%2C598&amp;ssl=1\" class=\"attachment-large size-large wp-image-747\" alt=\"Mirepoix Pneus Service Auto\" srcset=\"https:\/\/i0.wp.com\/mirepoix-pneus-service-auto.com\/wp-content\/uploads\/2025\/05\/MIREPOIX-PNEUS-980x598.jpg.webp?w=980&amp;ssl=1 980w, https:\/\/i0.wp.com\/mirepoix-pneus-service-auto.com\/wp-content\/uploads\/2025\/05\/MIREPOIX-PNEUS-980x598.jpg.webp?resize=300%2C183&amp;ssl=1 300w, https:\/\/i0.wp.com\/mirepoix-pneus-service-auto.com\/wp-content\/uploads\/2025\/05\/MIREPOIX-PNEUS-980x598.jpg.webp?resize=768%2C469&amp;ssl=1 768w\" sizes=\"(max-width: 980px) 100vw, 980px\" \/>\t\t\t\t\t\t\t\t\t\t\t\t\t\t\t<\/div>\n\t\t\t\t<\/div>\n\t\t\t\t<div class=\"elementor-element elementor-element-cdc88d5 elementor-widget elementor-widget-button\" data-id=\"cdc88d5\" data-element_type=\"widget\" data-e-type=\"widget\" data-widget_type=\"button.default\">\n\t\t\t\t<div class=\"elementor-widget-container\">\n\t\t\t\t\t\t\t\t\t<div class=\"elementor-button-wrapper\">\n\t\t\t\t\t<a class=\"elementor-button elementor-button-link elementor-size-sm\" href=\"https:\/\/www.mairie-mirepoix.fr\/2025\/04\/08\/mirepoix-pneus-service-auto\/\">\n\t\t\t\t\t\t<span class=\"elementor-button-content-wrapper\">\n\t\t\t\t\t\t<span class=\"elementor-button-icon\">\n\t\t\t\t<svg aria-hidden=\"true\" class=\"e-font-icon-svg e-far-hand-point-right\" viewBox=\"0 0 512 512\" xmlns=\"http:\/\/www.w3.org\/2000\/svg\"><path d=\"M428.8 137.6h-86.177a115.52 115.52 0 0 0 2.176-22.4c0-47.914-35.072-83.2-92-83.2-45.314 0-57.002 48.537-75.707 78.784-7.735 12.413-16.994 23.317-25.851 33.253l-.131.146-.129.148C135.662 161.807 127.764 168 120.8 168h-2.679c-5.747-4.952-13.536-8-22.12-8H32c-17.673 0-32 12.894-32 28.8v230.4C0 435.106 14.327 448 32 448h64c8.584 0 16.373-3.048 22.12-8h2.679c28.688 0 67.137 40 127.2 40h21.299c62.542 0 98.8-38.658 99.94-91.145 12.482-17.813 18.491-40.785 15.985-62.791A93.148 93.148 0 0 0 393.152 304H428.8c45.435 0 83.2-37.584 83.2-83.2 0-45.099-38.101-83.2-83.2-83.2zm0 118.4h-91.026c12.837 14.669 14.415 42.825-4.95 61.05 11.227 19.646 1.687 45.624-12.925 53.625 6.524 39.128-10.076 61.325-50.6 61.325H248c-45.491 0-77.21-35.913-120-39.676V215.571c25.239-2.964 42.966-21.222 59.075-39.596 11.275-12.65 21.725-25.3 30.799-39.875C232.355 112.712 244.006 80 252.8 80c23.375 0 44 8.8 44 35.2 0 35.2-26.4 53.075-26.4 70.4h158.4c18.425 0 35.2 16.5 35.2 35.2 0 18.975-16.225 35.2-35.2 35.2zM88 384c0 13.255-10.745 24-24 24s-24-10.745-24-24 10.745-24 24-24 24 10.745 24 24z\"><\/path><\/svg>\t\t\t<\/span>\n\t\t\t\t\t\t\t\t\t<span class=\"elementor-button-text\">EN SAVOIR PLUS<\/span>\n\t\t\t\t\t<\/span>\n\t\t\t\t\t<\/a>\n\t\t\t\t<\/div>\n\t\t\t\t\t\t\t\t<\/div>\n\t\t\t\t<\/div>\n\t\t\t\t<\/div>\n\t\t\t\t\t<\/div>\n\t\t\t\t<\/div>\n\t\t\t\t<\/div>\n\t\t","protected":false},"excerpt":{"rendered":"<p>A PROPOS DE NOTRE GARAGE MIREPOIX PNEUS SERVICE AUTO Gust BORMANS a repris le garage Mirepoix Pneus Service Auto le 6 janvier dernier. Avec plus de vingt ann\u00e9es d\u2019exp\u00e9rience dans le m\u00e9tier, le nouveau g\u00e9rant vous apporte son expertise en pneumatiques et m\u00e9canique g\u00e9n\u00e9rale. Ancien m\u00e9canicien salari\u00e9 \u00e0 Laroque d\u2019Olmes, Gust BORMANS a souhait\u00e9 garder [&hellip;]<\/p>\n","protected":false},"author":1,"featured_media":0,"parent":0,"menu_order":0,"comment_status":"closed","ping_status":"closed","template":"","meta":{"ocean_post_layout":"","ocean_both_sidebars_style":"","ocean_both_sidebars_content_width":0,"ocean_both_sidebars_sidebars_width":0,"ocean_sidebar":"","ocean_second_sidebar":"","ocean_disable_margins":"enable","ocean_add_body_class":"","ocean_shortcode_before_top_bar":"","ocean_shortcode_after_top_bar":"","ocean_shortcode_before_header":"","ocean_shortcode_after_header":"","ocean_has_shortcode":"","ocean_shortcode_after_title":"","ocean_shortcode_before_footer_widgets":"","ocean_shortcode_after_footer_widgets":"","ocean_shortcode_before_footer_bottom":"","ocean_shortcode_after_footer_bottom":"","ocean_display_top_bar":"default","ocean_display_header":"default","ocean_header_style":"","ocean_center_header_left_menu":"","ocean_custom_header_template":"","ocean_custom_logo":0,"ocean_custom_retina_logo":0,"ocean_custom_logo_max_width":0,"ocean_custom_logo_tablet_max_width":0,"ocean_custom_logo_mobile_max_width":0,"ocean_custom_logo_max_height":0,"ocean_custom_logo_tablet_max_height":0,"ocean_custom_logo_mobile_max_height":0,"ocean_header_custom_menu":"","ocean_menu_typo_font_family":"","ocean_menu_typo_font_subset":"","ocean_menu_typo_font_size":0,"ocean_menu_typo_font_size_tablet":0,"ocean_menu_typo_font_size_mobile":0,"ocean_menu_typo_font_size_unit":"px","ocean_menu_typo_font_weight":"","ocean_menu_typo_font_weight_tablet":"","ocean_menu_typo_font_weight_mobile":"","ocean_menu_typo_transform":"","ocean_menu_typo_transform_tablet":"","ocean_menu_typo_transform_mobile":"","ocean_menu_typo_line_height":0,"ocean_menu_typo_line_height_tablet":0,"ocean_menu_typo_line_height_mobile":0,"ocean_menu_typo_line_height_unit":"","ocean_menu_typo_spacing":0,"ocean_menu_typo_spacing_tablet":0,"ocean_menu_typo_spacing_mobile":0,"ocean_menu_typo_spacing_unit":"","ocean_menu_link_color":"","ocean_menu_link_color_hover":"","ocean_menu_link_color_active":"","ocean_menu_link_background":"","ocean_menu_link_hover_background":"","ocean_menu_link_active_background":"","ocean_menu_social_links_bg":"","ocean_menu_social_hover_links_bg":"","ocean_menu_social_links_color":"","ocean_menu_social_hover_links_color":"","ocean_disable_title":"default","ocean_disable_heading":"default","ocean_post_title":"","ocean_post_subheading":"","ocean_post_title_style":"","ocean_post_title_background_color":"","ocean_post_title_background":0,"ocean_post_title_bg_image_position":"","ocean_post_title_bg_image_attachment":"","ocean_post_title_bg_image_repeat":"","ocean_post_title_bg_image_size":"","ocean_post_title_height":0,"ocean_post_title_bg_overlay":0.5,"ocean_post_title_bg_overlay_color":"","ocean_disable_breadcrumbs":"default","ocean_breadcrumbs_color":"","ocean_breadcrumbs_separator_color":"","ocean_breadcrumbs_links_color":"","ocean_breadcrumbs_links_hover_color":"","ocean_display_footer_widgets":"default","ocean_display_footer_bottom":"default","ocean_custom_footer_template":"","footnotes":""},"class_list":["post-569","page","type-page","status-publish","hentry","entry","owp-thumbs-layout-horizontal","owp-btn-normal","owp-tabs-layout-horizontal","has-no-thumbnails","has-product-nav"],"yoast_head":"<!-- This site is optimized with the Yoast SEO plugin v27.4 - https:\/\/yoast.com\/product\/yoast-seo-wordpress\/ -->\n<title>A PROPOS - Mirepoix Pneus Service Auto<\/title>\n<meta name=\"description\" content=\"Page a propos : Gust BORMANS a repris le garage Mirepoix Pneus Service Auto le 6 janvier dernier. Avec plus de vingt ann\u00e9es d\u2019exp\u00e9rience.\" \/>\n<meta name=\"robots\" content=\"index, follow, max-snippet:-1, max-image-preview:large, max-video-preview:-1\" \/>\n<link rel=\"canonical\" href=\"https:\/\/mirepoix-pneus-service-auto.com\/?page_id=569\" \/>\n<meta property=\"og:locale\" content=\"fr_FR\" \/>\n<meta property=\"og:type\" content=\"article\" \/>\n<meta property=\"og:title\" content=\"A PROPOS - Mirepoix Pneus Service Auto\" \/>\n<meta property=\"og:description\" content=\"Page a propos : Gust BORMANS a repris le garage Mirepoix Pneus Service Auto le 6 janvier dernier. Avec plus de vingt ann\u00e9es d\u2019exp\u00e9rience.\" \/>\n<meta property=\"og:url\" content=\"https:\/\/mirepoix-pneus-service-auto.com\/?page_id=569\" \/>\n<meta property=\"og:site_name\" content=\"Mirepoix Pneus Service Auto\" \/>\n<meta property=\"article:modified_time\" content=\"2025-05-07T10:51:35+00:00\" \/>\n<meta property=\"og:image\" content=\"https:\/\/mirepoix-pneus-service-auto.com\/wp-content\/uploads\/2025\/05\/MIREPOIX-PNEUS-980x598.jpg.webp\" \/>\n<meta name=\"twitter:card\" content=\"summary_large_image\" \/>\n<meta name=\"twitter:label1\" content=\"Dur\u00e9e de lecture estim\u00e9e\" \/>\n\t<meta name=\"twitter:data1\" content=\"1 minute\" \/>\n<script type=\"application\/ld+json\" class=\"yoast-schema-graph\">{\"@context\":\"https:\\\/\\\/schema.org\",\"@graph\":[{\"@type\":\"WebPage\",\"@id\":\"https:\\\/\\\/mirepoix-pneus-service-auto.com\\\/?page_id=569\",\"url\":\"https:\\\/\\\/mirepoix-pneus-service-auto.com\\\/?page_id=569\",\"name\":\"A PROPOS - Mirepoix Pneus Service Auto\",\"isPartOf\":{\"@id\":\"https:\\\/\\\/mirepoixpneusser-hwcmaacyd8.live-website.com\\\/#website\"},\"primaryImageOfPage\":{\"@id\":\"https:\\\/\\\/mirepoix-pneus-service-auto.com\\\/?page_id=569#primaryimage\"},\"image\":{\"@id\":\"https:\\\/\\\/mirepoix-pneus-service-auto.com\\\/?page_id=569#primaryimage\"},\"thumbnailUrl\":\"https:\\\/\\\/mirepoix-pneus-service-auto.com\\\/wp-content\\\/uploads\\\/2025\\\/05\\\/MIREPOIX-PNEUS-980x598.jpg.webp\",\"datePublished\":\"2025-04-25T09:24:46+00:00\",\"dateModified\":\"2025-05-07T10:51:35+00:00\",\"description\":\"Page a propos : Gust BORMANS a repris le garage Mirepoix Pneus Service Auto le 6 janvier dernier. Avec plus de vingt ann\u00e9es d\u2019exp\u00e9rience.\",\"breadcrumb\":{\"@id\":\"https:\\\/\\\/mirepoix-pneus-service-auto.com\\\/?page_id=569#breadcrumb\"},\"inLanguage\":\"fr-FR\",\"potentialAction\":[{\"@type\":\"ReadAction\",\"target\":[\"https:\\\/\\\/mirepoix-pneus-service-auto.com\\\/?page_id=569\"]}]},{\"@type\":\"ImageObject\",\"inLanguage\":\"fr-FR\",\"@id\":\"https:\\\/\\\/mirepoix-pneus-service-auto.com\\\/?page_id=569#primaryimage\",\"url\":\"https:\\\/\\\/i0.wp.com\\\/mirepoix-pneus-service-auto.com\\\/wp-content\\\/uploads\\\/2025\\\/05\\\/MIREPOIX-PNEUS-980x598.jpg.webp?fit=980%2C598&ssl=1\",\"contentUrl\":\"https:\\\/\\\/i0.wp.com\\\/mirepoix-pneus-service-auto.com\\\/wp-content\\\/uploads\\\/2025\\\/05\\\/MIREPOIX-PNEUS-980x598.jpg.webp?fit=980%2C598&ssl=1\",\"width\":980,\"height\":598,\"caption\":\"Garage Premier\"},{\"@type\":\"BreadcrumbList\",\"@id\":\"https:\\\/\\\/mirepoix-pneus-service-auto.com\\\/?page_id=569#breadcrumb\",\"itemListElement\":[{\"@type\":\"ListItem\",\"position\":1,\"name\":\"Accueil\",\"item\":\"https:\\\/\\\/mirepoix-pneus-service-auto.com\\\/\"},{\"@type\":\"ListItem\",\"position\":2,\"name\":\"A PROPOS\"}]},{\"@type\":\"WebSite\",\"@id\":\"https:\\\/\\\/mirepoixpneusser-hwcmaacyd8.live-website.com\\\/#website\",\"url\":\"https:\\\/\\\/mirepoixpneusser-hwcmaacyd8.live-website.com\\\/\",\"name\":\"Mirepoix Pneus Service Auto\",\"description\":\"Votre satisfaction est Notre priorit&eacute;\",\"publisher\":{\"@id\":\"https:\\\/\\\/mirepoixpneusser-hwcmaacyd8.live-website.com\\\/#organization\"},\"potentialAction\":[{\"@type\":\"SearchAction\",\"target\":{\"@type\":\"EntryPoint\",\"urlTemplate\":\"https:\\\/\\\/mirepoixpneusser-hwcmaacyd8.live-website.com\\\/?s={search_term_string}\"},\"query-input\":{\"@type\":\"PropertyValueSpecification\",\"valueRequired\":true,\"valueName\":\"search_term_string\"}}],\"inLanguage\":\"fr-FR\"},{\"@type\":\"Organization\",\"@id\":\"https:\\\/\\\/mirepoixpneusser-hwcmaacyd8.live-website.com\\\/#organization\",\"name\":\"Mirepoix Pneus Service Auto\",\"url\":\"https:\\\/\\\/mirepoixpneusser-hwcmaacyd8.live-website.com\\\/\",\"logo\":{\"@type\":\"ImageObject\",\"inLanguage\":\"fr-FR\",\"@id\":\"https:\\\/\\\/mirepoixpneusser-hwcmaacyd8.live-website.com\\\/#\\\/schema\\\/logo\\\/image\\\/\",\"url\":\"https:\\\/\\\/i0.wp.com\\\/mirepoix-pneus-service-auto.com\\\/wp-content\\\/uploads\\\/2025\\\/04\\\/telechargement-1.png?fit=456%2C110&ssl=1\",\"contentUrl\":\"https:\\\/\\\/i0.wp.com\\\/mirepoix-pneus-service-auto.com\\\/wp-content\\\/uploads\\\/2025\\\/04\\\/telechargement-1.png?fit=456%2C110&ssl=1\",\"width\":456,\"height\":110,\"caption\":\"Mirepoix Pneus Service Auto\"},\"image\":{\"@id\":\"https:\\\/\\\/mirepoixpneusser-hwcmaacyd8.live-website.com\\\/#\\\/schema\\\/logo\\\/image\\\/\"}}]}<\/script>\n<!-- \/ Yoast SEO plugin. -->","yoast_head_json":{"title":"A PROPOS - Mirepoix Pneus Service Auto","description":"Page a propos : Gust BORMANS a repris le garage Mirepoix Pneus Service Auto le 6 janvier dernier. Avec plus de vingt ann\u00e9es d\u2019exp\u00e9rience.","robots":{"index":"index","follow":"follow","max-snippet":"max-snippet:-1","max-image-preview":"max-image-preview:large","max-video-preview":"max-video-preview:-1"},"canonical":"https:\/\/mirepoix-pneus-service-auto.com\/?page_id=569","og_locale":"fr_FR","og_type":"article","og_title":"A PROPOS - Mirepoix Pneus Service Auto","og_description":"Page a propos : Gust BORMANS a repris le garage Mirepoix Pneus Service Auto le 6 janvier dernier. Avec plus de vingt ann\u00e9es d\u2019exp\u00e9rience.","og_url":"https:\/\/mirepoix-pneus-service-auto.com\/?page_id=569","og_site_name":"Mirepoix Pneus Service Auto","article_modified_time":"2025-05-07T10:51:35+00:00","og_image":[{"url":"https:\/\/mirepoix-pneus-service-auto.com\/wp-content\/uploads\/2025\/05\/MIREPOIX-PNEUS-980x598.jpg.webp","type":"","width":"","height":""}],"twitter_card":"summary_large_image","twitter_misc":{"Dur\u00e9e de lecture estim\u00e9e":"1 minute"},"schema":{"@context":"https:\/\/schema.org","@graph":[{"@type":"WebPage","@id":"https:\/\/mirepoix-pneus-service-auto.com\/?page_id=569","url":"https:\/\/mirepoix-pneus-service-auto.com\/?page_id=569","name":"A PROPOS - Mirepoix Pneus Service Auto","isPartOf":{"@id":"https:\/\/mirepoixpneusser-hwcmaacyd8.live-website.com\/#website"},"primaryImageOfPage":{"@id":"https:\/\/mirepoix-pneus-service-auto.com\/?page_id=569#primaryimage"},"image":{"@id":"https:\/\/mirepoix-pneus-service-auto.com\/?page_id=569#primaryimage"},"thumbnailUrl":"https:\/\/mirepoix-pneus-service-auto.com\/wp-content\/uploads\/2025\/05\/MIREPOIX-PNEUS-980x598.jpg.webp","datePublished":"2025-04-25T09:24:46+00:00","dateModified":"2025-05-07T10:51:35+00:00","description":"Page a propos : Gust BORMANS a repris le garage Mirepoix Pneus Service Auto le 6 janvier dernier. Avec plus de vingt ann\u00e9es d\u2019exp\u00e9rience.","breadcrumb":{"@id":"https:\/\/mirepoix-pneus-service-auto.com\/?page_id=569#breadcrumb"},"inLanguage":"fr-FR","potentialAction":[{"@type":"ReadAction","target":["https:\/\/mirepoix-pneus-service-auto.com\/?page_id=569"]}]},{"@type":"ImageObject","inLanguage":"fr-FR","@id":"https:\/\/mirepoix-pneus-service-auto.com\/?page_id=569#primaryimage","url":"https:\/\/i0.wp.com\/mirepoix-pneus-service-auto.com\/wp-content\/uploads\/2025\/05\/MIREPOIX-PNEUS-980x598.jpg.webp?fit=980%2C598&ssl=1","contentUrl":"https:\/\/i0.wp.com\/mirepoix-pneus-service-auto.com\/wp-content\/uploads\/2025\/05\/MIREPOIX-PNEUS-980x598.jpg.webp?fit=980%2C598&ssl=1","width":980,"height":598,"caption":"Garage Premier"},{"@type":"BreadcrumbList","@id":"https:\/\/mirepoix-pneus-service-auto.com\/?page_id=569#breadcrumb","itemListElement":[{"@type":"ListItem","position":1,"name":"Accueil","item":"https:\/\/mirepoix-pneus-service-auto.com\/"},{"@type":"ListItem","position":2,"name":"A PROPOS"}]},{"@type":"WebSite","@id":"https:\/\/mirepoixpneusser-hwcmaacyd8.live-website.com\/#website","url":"https:\/\/mirepoixpneusser-hwcmaacyd8.live-website.com\/","name":"Mirepoix Pneus Service Auto","description":"Votre satisfaction est Notre priorit&eacute;","publisher":{"@id":"https:\/\/mirepoixpneusser-hwcmaacyd8.live-website.com\/#organization"},"potentialAction":[{"@type":"SearchAction","target":{"@type":"EntryPoint","urlTemplate":"https:\/\/mirepoixpneusser-hwcmaacyd8.live-website.com\/?s={search_term_string}"},"query-input":{"@type":"PropertyValueSpecification","valueRequired":true,"valueName":"search_term_string"}}],"inLanguage":"fr-FR"},{"@type":"Organization","@id":"https:\/\/mirepoixpneusser-hwcmaacyd8.live-website.com\/#organization","name":"Mirepoix Pneus Service Auto","url":"https:\/\/mirepoixpneusser-hwcmaacyd8.live-website.com\/","logo":{"@type":"ImageObject","inLanguage":"fr-FR","@id":"https:\/\/mirepoixpneusser-hwcmaacyd8.live-website.com\/#\/schema\/logo\/image\/","url":"https:\/\/i0.wp.com\/mirepoix-pneus-service-auto.com\/wp-content\/uploads\/2025\/04\/telechargement-1.png?fit=456%2C110&ssl=1","contentUrl":"https:\/\/i0.wp.com\/mirepoix-pneus-service-auto.com\/wp-content\/uploads\/2025\/04\/telechargement-1.png?fit=456%2C110&ssl=1","width":456,"height":110,"caption":"Mirepoix Pneus Service Auto"},"image":{"@id":"https:\/\/mirepoixpneusser-hwcmaacyd8.live-website.com\/#\/schema\/logo\/image\/"}}]}},"jetpack_sharing_enabled":true,"_links":{"self":[{"href":"https:\/\/mirepoix-pneus-service-auto.com\/index.php?rest_route=\/wp\/v2\/pages\/569","targetHints":{"allow":["GET"]}}],"collection":[{"href":"https:\/\/mirepoix-pneus-service-auto.com\/index.php?rest_route=\/wp\/v2\/pages"}],"about":[{"href":"https:\/\/mirepoix-pneus-service-auto.com\/index.php?rest_route=\/wp\/v2\/types\/page"}],"author":[{"embeddable":true,"href":"https:\/\/mirepoix-pneus-service-auto.com\/index.php?rest_route=\/wp\/v2\/users\/1"}],"replies":[{"embeddable":true,"href":"https:\/\/mirepoix-pneus-service-auto.com\/index.php?rest_route=%2Fwp%2Fv2%2Fcomments&post=569"}],"version-history":[{"count":22,"href":"https:\/\/mirepoix-pneus-service-auto.com\/index.php?rest_route=\/wp\/v2\/pages\/569\/revisions"}],"predecessor-version":[{"id":936,"href":"https:\/\/mirepoix-pneus-service-auto.com\/index.php?rest_route=\/wp\/v2\/pages\/569\/revisions\/936"}],"wp:attachment":[{"href":"https:\/\/mirepoix-pneus-service-auto.com\/index.php?rest_route=%2Fwp%2Fv2%2Fmedia&parent=569"}],"curies":[{"name":"wp","href":"https:\/\/api.w.org\/{rel}","templated":true}]}}