{"id":709,"date":"2025-05-02T12:44:55","date_gmt":"2025-05-02T12:44:55","guid":{"rendered":"https:\/\/mirepoix-pneus-service-auto.com\/?post_type=product&#038;p=709"},"modified":"2026-04-16T22:44:55","modified_gmt":"2026-04-16T22:44:55","slug":"suzuki-vitara-4x4","status":"publish","type":"product","link":"https:\/\/mirepoix-pneus-service-auto.com\/?product=suzuki-vitara-4x4","title":{"rendered":"Suzuki vitara 4&#215;4 \u00ab\u00a0OFFRE ACCEPTER\u00a0\u00bb"},"content":{"rendered":"<h1 data-start=\"166\" data-end=\"231\"><strong data-start=\"166\" data-end=\"231\">Suzuki vitara 4&#215;4 d\u2019occasion \u2013 SUV compact, robuste et \u00e9conomique<\/strong><\/h1>\n<p class=\"\" data-start=\"233\" data-end=\"498\">D\u00e9couvrez le <strong>Suzuki vitara 4&#215;4 d\u2019occasion<\/strong>, un SUV polyvalent qui allie design moderne, performances fiables et confort de conduite. Connu pour sa robustesse et sa maniabilit\u00e9, le Vitara est parfait pour les trajets urbains comme pour les escapades en pleine nature.<\/p>\n<p class=\"\" data-start=\"500\" data-end=\"864\">Le Suzuki vitara offre un excellent compromis entre compacit\u00e9 et espace int\u00e9rieur. Il dispose d\u2019un habitacle spacieux, de si\u00e8ges confortables et d\u2019un coffre g\u00e9n\u00e9reux, id\u00e9al pour les familles ou les conducteurs actifs. Selon la version, vous profitez d\u2019\u00e9quipements modernes ainsi que les \u00e9crans tactile, les Bluetooth avec de boit manuel.<\/p>\n<p class=\"\" data-start=\"866\" data-end=\"1155\">C\u00f4t\u00e9 motorisation, le Vitara est propos\u00e9 avec des moteurs essence ou diesel \u00e9conomiques et performants, avec la possibilit\u00e9 de transmission manuelle ou automatique. Certains mod\u00e8les disposent de la transmission int\u00e9grale <strong data-start=\"1087\" data-end=\"1098\">AllGrip<\/strong>, pour une meilleure adh\u00e9rence sur tous types de terrain.<\/p>\n<h2 data-start=\"866\" data-end=\"1155\">Trouvez d\u00e8s maintenant votre Suzuki vitara 4&#215;4 d\u2019occasion au meilleur prix et profitez d\u2019un SUV styl\u00e9, s\u00fbr et \u00e9conomique.<\/h2>\n<ul>\n<li data-start=\"1157\" data-end=\"1421\">Acheter un <strong data-start=\"1168\" data-end=\"1196\">Suzuki Vitara d\u2019occasion<\/strong>, c\u2019est faire le choix d\u2019un v\u00e9hicule fiable, bien entretenu, avec un excellent rapport qualit\u00e9\/prix.<\/li>\n<li data-start=\"1157\" data-end=\"1421\">Il affiche une consommation mod\u00e9r\u00e9e et des co\u00fbts d\u2019entretien raisonnables, tout en conservant une bonne valeur \u00e0 la revente.<\/li>\n<\/ul>\n<p class=\"\" data-start=\"1423\" data-end=\"1576\">Que vous cherchiez un SUV compact pour la ville ou un v\u00e9hicule plus aventurier pour vos loisirs, le <strong data-start=\"1523\" data-end=\"1544\">Vitara d\u2019occasion<\/strong> r\u00e9pondra \u00e0 toutes vos attentes.<\/p>\n<p class=\"\" data-start=\"1578\" data-end=\"1699\">\n","protected":false},"excerpt":{"rendered":"<h1><strong>Suzuki Vitara 4&#215;4<\/strong><\/h1>\n<ul>\n<li>Le Suzuki Vitara 4&#215;4 d\u2019occasion est un SUV polyvalent qui allie robustesse, confort et performance.<\/li>\n<li>Con\u00e7u pour s\u2019adapter aussi bien aux trajets urbains qu\u2019aux aventures tout-terrain, il offre une excellente maniabilit\u00e9 et une conduite s\u00e9curis\u00e9e gr\u00e2ce \u00e0 sa transmission int\u00e9grale.<\/li>\n<\/ul>\n","protected":false},"featured_media":714,"comment_status":"open","ping_status":"closed","template":"","meta":{"ocean_post_layout":"","ocean_both_sidebars_style":"","ocean_both_sidebars_content_width":0,"ocean_both_sidebars_sidebars_width":0,"ocean_sidebar":"0","ocean_second_sidebar":"0","ocean_disable_margins":"enable","ocean_add_body_class":"","ocean_shortcode_before_top_bar":"","ocean_shortcode_after_top_bar":"","ocean_shortcode_before_header":"","ocean_shortcode_after_header":"","ocean_has_shortcode":"","ocean_shortcode_after_title":"","ocean_shortcode_before_footer_widgets":"","ocean_shortcode_after_footer_widgets":"","ocean_shortcode_before_footer_bottom":"","ocean_shortcode_after_footer_bottom":"","ocean_display_top_bar":"default","ocean_display_header":"default","ocean_header_style":"","ocean_center_header_left_menu":"0","ocean_custom_header_template":"0","ocean_custom_logo":0,"ocean_custom_retina_logo":0,"ocean_custom_logo_max_width":0,"ocean_custom_logo_tablet_max_width":0,"ocean_custom_logo_mobile_max_width":0,"ocean_custom_logo_max_height":0,"ocean_custom_logo_tablet_max_height":0,"ocean_custom_logo_mobile_max_height":0,"ocean_header_custom_menu":"0","ocean_menu_typo_font_family":"0","ocean_menu_typo_font_subset":"","ocean_menu_typo_font_size":0,"ocean_menu_typo_font_size_tablet":0,"ocean_menu_typo_font_size_mobile":0,"ocean_menu_typo_font_size_unit":"px","ocean_menu_typo_font_weight":"","ocean_menu_typo_font_weight_tablet":"","ocean_menu_typo_font_weight_mobile":"","ocean_menu_typo_transform":"","ocean_menu_typo_transform_tablet":"","ocean_menu_typo_transform_mobile":"","ocean_menu_typo_line_height":0,"ocean_menu_typo_line_height_tablet":0,"ocean_menu_typo_line_height_mobile":0,"ocean_menu_typo_line_height_unit":"","ocean_menu_typo_spacing":0,"ocean_menu_typo_spacing_tablet":0,"ocean_menu_typo_spacing_mobile":0,"ocean_menu_typo_spacing_unit":"","ocean_menu_link_color":"","ocean_menu_link_color_hover":"","ocean_menu_link_color_active":"","ocean_menu_link_background":"","ocean_menu_link_hover_background":"","ocean_menu_link_active_background":"","ocean_menu_social_links_bg":"","ocean_menu_social_hover_links_bg":"","ocean_menu_social_links_color":"","ocean_menu_social_hover_links_color":"","ocean_disable_title":"default","ocean_disable_heading":"default","ocean_post_title":"","ocean_post_subheading":"","ocean_post_title_style":"","ocean_post_title_background_color":"","ocean_post_title_background":0,"ocean_post_title_bg_image_position":"","ocean_post_title_bg_image_attachment":"","ocean_post_title_bg_image_repeat":"","ocean_post_title_bg_image_size":"","ocean_post_title_height":0,"ocean_post_title_bg_overlay":0.5,"ocean_post_title_bg_overlay_color":"","ocean_disable_breadcrumbs":"default","ocean_breadcrumbs_color":"","ocean_breadcrumbs_separator_color":"","ocean_breadcrumbs_links_color":"","ocean_breadcrumbs_links_hover_color":"","ocean_display_footer_widgets":"default","ocean_display_footer_bottom":"default","ocean_custom_footer_template":"0"},"product_brand":[],"product_cat":[47,48],"product_tag":[],"class_list":{"0":"post-709","1":"product","2":"type-product","3":"status-publish","4":"has-post-thumbnail","6":"product_cat-suzuki","7":"product_cat-vitara","9":"entry","10":"has-media","12":"first","13":"instock","14":"taxable","15":"shipping-taxable","16":"purchasable","17":"product-type-variable","18":"has-rating","19":"has-product-nav","20":"col","21":"span_1_of_4","22":"owp-content-center","23":"owp-thumbs-layout-horizontal","24":"owp-btn-normal","25":"owp-tabs-layout-horizontal"},"yoast_head":"<!-- This site is optimized with the Yoast SEO plugin v27.4 - https:\/\/yoast.com\/product\/yoast-seo-wordpress\/ -->\n<title>Suzuki vitara 4x4 &quot;OFFRE ACCEPTER&quot; - Mirepoix Pneus Service Auto<\/title>\n<meta name=\"description\" content=\"SUZUKI VITARA 4x4 : con\u00e7u pour s\u2019adapter aussi bien aux trajets urbains qu\u2019aux aventures tout-terrain, il offre une excellente maniabilit\u00e9.\" \/>\n<meta name=\"robots\" content=\"index, follow, max-snippet:-1, max-image-preview:large, max-video-preview:-1\" \/>\n<link rel=\"canonical\" href=\"https:\/\/mirepoix-pneus-service-auto.com\/?product=suzuki-vitara-4x4\" \/>\n<meta property=\"og:locale\" content=\"fr_FR\" \/>\n<meta property=\"og:type\" content=\"article\" \/>\n<meta property=\"og:title\" content=\"Suzuki vitara 4x4 &quot;OFFRE ACCEPTER&quot; - Mirepoix Pneus Service Auto\" \/>\n<meta property=\"og:description\" content=\"SUZUKI VITARA 4x4 : con\u00e7u pour s\u2019adapter aussi bien aux trajets urbains qu\u2019aux aventures tout-terrain, il offre une excellente maniabilit\u00e9.\" \/>\n<meta property=\"og:url\" content=\"https:\/\/mirepoix-pneus-service-auto.com\/?product=suzuki-vitara-4x4\" \/>\n<meta property=\"og:site_name\" content=\"Mirepoix Pneus Service Auto\" \/>\n<meta property=\"article:modified_time\" content=\"2026-04-16T22:44:55+00:00\" \/>\n<meta property=\"og:image\" content=\"https:\/\/mirepoix-pneus-service-auto.com\/wp-content\/uploads\/2025\/05\/IMG_20250502_140435_12.jpg\" \/>\n\t<meta property=\"og:image:width\" content=\"1200\" \/>\n\t<meta property=\"og:image:height\" content=\"1600\" \/>\n\t<meta property=\"og:image:type\" content=\"image\/jpeg\" \/>\n<meta name=\"twitter:card\" content=\"summary_large_image\" \/>\n<meta name=\"twitter:label1\" content=\"Dur\u00e9e de lecture estim\u00e9e\" \/>\n\t<meta name=\"twitter:data1\" content=\"2 minutes\" \/>\n<script type=\"application\/ld+json\" class=\"yoast-schema-graph\">{\"@context\":\"https:\\\/\\\/schema.org\",\"@graph\":[{\"@type\":\"WebPage\",\"@id\":\"https:\\\/\\\/mirepoix-pneus-service-auto.com\\\/?product=suzuki-vitara-4x4\",\"url\":\"https:\\\/\\\/mirepoix-pneus-service-auto.com\\\/?product=suzuki-vitara-4x4\",\"name\":\"Suzuki vitara 4x4 \\\"OFFRE ACCEPTER\\\" - Mirepoix Pneus Service Auto\",\"isPartOf\":{\"@id\":\"https:\\\/\\\/mirepoixpneusser-hwcmaacyd8.live-website.com\\\/#website\"},\"primaryImageOfPage\":{\"@id\":\"https:\\\/\\\/mirepoix-pneus-service-auto.com\\\/?product=suzuki-vitara-4x4#primaryimage\"},\"image\":{\"@id\":\"https:\\\/\\\/mirepoix-pneus-service-auto.com\\\/?product=suzuki-vitara-4x4#primaryimage\"},\"thumbnailUrl\":\"https:\\\/\\\/i0.wp.com\\\/mirepoix-pneus-service-auto.com\\\/wp-content\\\/uploads\\\/2025\\\/05\\\/IMG_20250502_140435_12.jpg?fit=1200%2C1600&ssl=1\",\"datePublished\":\"2025-05-02T12:44:55+00:00\",\"dateModified\":\"2026-04-16T22:44:55+00:00\",\"description\":\"SUZUKI VITARA 4x4 : con\u00e7u pour s\u2019adapter aussi bien aux trajets urbains qu\u2019aux aventures tout-terrain, il offre une excellente maniabilit\u00e9.\",\"breadcrumb\":{\"@id\":\"https:\\\/\\\/mirepoix-pneus-service-auto.com\\\/?product=suzuki-vitara-4x4#breadcrumb\"},\"inLanguage\":\"fr-FR\",\"potentialAction\":[{\"@type\":\"ReadAction\",\"target\":[\"https:\\\/\\\/mirepoix-pneus-service-auto.com\\\/?product=suzuki-vitara-4x4\"]}]},{\"@type\":\"ImageObject\",\"inLanguage\":\"fr-FR\",\"@id\":\"https:\\\/\\\/mirepoix-pneus-service-auto.com\\\/?product=suzuki-vitara-4x4#primaryimage\",\"url\":\"https:\\\/\\\/i0.wp.com\\\/mirepoix-pneus-service-auto.com\\\/wp-content\\\/uploads\\\/2025\\\/05\\\/IMG_20250502_140435_12.jpg?fit=1200%2C1600&ssl=1\",\"contentUrl\":\"https:\\\/\\\/i0.wp.com\\\/mirepoix-pneus-service-auto.com\\\/wp-content\\\/uploads\\\/2025\\\/05\\\/IMG_20250502_140435_12.jpg?fit=1200%2C1600&ssl=1\",\"width\":1200,\"height\":1600,\"caption\":\"SUZUKI VITARA\"},{\"@type\":\"BreadcrumbList\",\"@id\":\"https:\\\/\\\/mirepoix-pneus-service-auto.com\\\/?product=suzuki-vitara-4x4#breadcrumb\",\"itemListElement\":[{\"@type\":\"ListItem\",\"position\":1,\"name\":\"Accueil\",\"item\":\"https:\\\/\\\/mirepoix-pneus-service-auto.com\\\/\"},{\"@type\":\"ListItem\",\"position\":2,\"name\":\"Boutique\",\"item\":\"https:\\\/\\\/mirepoix-pneus-service-auto.com\\\/?page_id=41\"},{\"@type\":\"ListItem\",\"position\":3,\"name\":\"Suzuki vitara 4&#215;4 \u00ab\u00a0OFFRE ACCEPTER\u00a0\u00bb\"}]},{\"@type\":\"WebSite\",\"@id\":\"https:\\\/\\\/mirepoixpneusser-hwcmaacyd8.live-website.com\\\/#website\",\"url\":\"https:\\\/\\\/mirepoixpneusser-hwcmaacyd8.live-website.com\\\/\",\"name\":\"Mirepoix Pneus Service Auto\",\"description\":\"Votre satisfaction est Notre priorit&eacute;\",\"publisher\":{\"@id\":\"https:\\\/\\\/mirepoixpneusser-hwcmaacyd8.live-website.com\\\/#organization\"},\"potentialAction\":[{\"@type\":\"SearchAction\",\"target\":{\"@type\":\"EntryPoint\",\"urlTemplate\":\"https:\\\/\\\/mirepoixpneusser-hwcmaacyd8.live-website.com\\\/?s={search_term_string}\"},\"query-input\":{\"@type\":\"PropertyValueSpecification\",\"valueRequired\":true,\"valueName\":\"search_term_string\"}}],\"inLanguage\":\"fr-FR\"},{\"@type\":\"Organization\",\"@id\":\"https:\\\/\\\/mirepoixpneusser-hwcmaacyd8.live-website.com\\\/#organization\",\"name\":\"Mirepoix Pneus Service Auto\",\"url\":\"https:\\\/\\\/mirepoixpneusser-hwcmaacyd8.live-website.com\\\/\",\"logo\":{\"@type\":\"ImageObject\",\"inLanguage\":\"fr-FR\",\"@id\":\"https:\\\/\\\/mirepoixpneusser-hwcmaacyd8.live-website.com\\\/#\\\/schema\\\/logo\\\/image\\\/\",\"url\":\"https:\\\/\\\/i0.wp.com\\\/mirepoix-pneus-service-auto.com\\\/wp-content\\\/uploads\\\/2025\\\/04\\\/telechargement-1.png?fit=456%2C110&ssl=1\",\"contentUrl\":\"https:\\\/\\\/i0.wp.com\\\/mirepoix-pneus-service-auto.com\\\/wp-content\\\/uploads\\\/2025\\\/04\\\/telechargement-1.png?fit=456%2C110&ssl=1\",\"width\":456,\"height\":110,\"caption\":\"Mirepoix Pneus Service Auto\"},\"image\":{\"@id\":\"https:\\\/\\\/mirepoixpneusser-hwcmaacyd8.live-website.com\\\/#\\\/schema\\\/logo\\\/image\\\/\"}}]}<\/script>\n<!-- \/ Yoast SEO plugin. -->","yoast_head_json":{"title":"Suzuki vitara 4x4 \"OFFRE ACCEPTER\" - Mirepoix Pneus Service Auto","description":"SUZUKI VITARA 4x4 : con\u00e7u pour s\u2019adapter aussi bien aux trajets urbains qu\u2019aux aventures tout-terrain, il offre une excellente maniabilit\u00e9.","robots":{"index":"index","follow":"follow","max-snippet":"max-snippet:-1","max-image-preview":"max-image-preview:large","max-video-preview":"max-video-preview:-1"},"canonical":"https:\/\/mirepoix-pneus-service-auto.com\/?product=suzuki-vitara-4x4","og_locale":"fr_FR","og_type":"article","og_title":"Suzuki vitara 4x4 \"OFFRE ACCEPTER\" - Mirepoix Pneus Service Auto","og_description":"SUZUKI VITARA 4x4 : con\u00e7u pour s\u2019adapter aussi bien aux trajets urbains qu\u2019aux aventures tout-terrain, il offre une excellente maniabilit\u00e9.","og_url":"https:\/\/mirepoix-pneus-service-auto.com\/?product=suzuki-vitara-4x4","og_site_name":"Mirepoix Pneus Service Auto","article_modified_time":"2026-04-16T22:44:55+00:00","og_image":[{"width":1200,"height":1600,"url":"https:\/\/mirepoix-pneus-service-auto.com\/wp-content\/uploads\/2025\/05\/IMG_20250502_140435_12.jpg","type":"image\/jpeg"}],"twitter_card":"summary_large_image","twitter_misc":{"Dur\u00e9e de lecture estim\u00e9e":"2 minutes"},"schema":{"@context":"https:\/\/schema.org","@graph":[{"@type":"WebPage","@id":"https:\/\/mirepoix-pneus-service-auto.com\/?product=suzuki-vitara-4x4","url":"https:\/\/mirepoix-pneus-service-auto.com\/?product=suzuki-vitara-4x4","name":"Suzuki vitara 4x4 \"OFFRE ACCEPTER\" - Mirepoix Pneus Service Auto","isPartOf":{"@id":"https:\/\/mirepoixpneusser-hwcmaacyd8.live-website.com\/#website"},"primaryImageOfPage":{"@id":"https:\/\/mirepoix-pneus-service-auto.com\/?product=suzuki-vitara-4x4#primaryimage"},"image":{"@id":"https:\/\/mirepoix-pneus-service-auto.com\/?product=suzuki-vitara-4x4#primaryimage"},"thumbnailUrl":"https:\/\/i0.wp.com\/mirepoix-pneus-service-auto.com\/wp-content\/uploads\/2025\/05\/IMG_20250502_140435_12.jpg?fit=1200%2C1600&ssl=1","datePublished":"2025-05-02T12:44:55+00:00","dateModified":"2026-04-16T22:44:55+00:00","description":"SUZUKI VITARA 4x4 : con\u00e7u pour s\u2019adapter aussi bien aux trajets urbains qu\u2019aux aventures tout-terrain, il offre une excellente maniabilit\u00e9.","breadcrumb":{"@id":"https:\/\/mirepoix-pneus-service-auto.com\/?product=suzuki-vitara-4x4#breadcrumb"},"inLanguage":"fr-FR","potentialAction":[{"@type":"ReadAction","target":["https:\/\/mirepoix-pneus-service-auto.com\/?product=suzuki-vitara-4x4"]}]},{"@type":"ImageObject","inLanguage":"fr-FR","@id":"https:\/\/mirepoix-pneus-service-auto.com\/?product=suzuki-vitara-4x4#primaryimage","url":"https:\/\/i0.wp.com\/mirepoix-pneus-service-auto.com\/wp-content\/uploads\/2025\/05\/IMG_20250502_140435_12.jpg?fit=1200%2C1600&ssl=1","contentUrl":"https:\/\/i0.wp.com\/mirepoix-pneus-service-auto.com\/wp-content\/uploads\/2025\/05\/IMG_20250502_140435_12.jpg?fit=1200%2C1600&ssl=1","width":1200,"height":1600,"caption":"SUZUKI VITARA"},{"@type":"BreadcrumbList","@id":"https:\/\/mirepoix-pneus-service-auto.com\/?product=suzuki-vitara-4x4#breadcrumb","itemListElement":[{"@type":"ListItem","position":1,"name":"Accueil","item":"https:\/\/mirepoix-pneus-service-auto.com\/"},{"@type":"ListItem","position":2,"name":"Boutique","item":"https:\/\/mirepoix-pneus-service-auto.com\/?page_id=41"},{"@type":"ListItem","position":3,"name":"Suzuki vitara 4&#215;4 \u00ab\u00a0OFFRE ACCEPTER\u00a0\u00bb"}]},{"@type":"WebSite","@id":"https:\/\/mirepoixpneusser-hwcmaacyd8.live-website.com\/#website","url":"https:\/\/mirepoixpneusser-hwcmaacyd8.live-website.com\/","name":"Mirepoix Pneus Service Auto","description":"Votre satisfaction est Notre priorit&eacute;","publisher":{"@id":"https:\/\/mirepoixpneusser-hwcmaacyd8.live-website.com\/#organization"},"potentialAction":[{"@type":"SearchAction","target":{"@type":"EntryPoint","urlTemplate":"https:\/\/mirepoixpneusser-hwcmaacyd8.live-website.com\/?s={search_term_string}"},"query-input":{"@type":"PropertyValueSpecification","valueRequired":true,"valueName":"search_term_string"}}],"inLanguage":"fr-FR"},{"@type":"Organization","@id":"https:\/\/mirepoixpneusser-hwcmaacyd8.live-website.com\/#organization","name":"Mirepoix Pneus Service Auto","url":"https:\/\/mirepoixpneusser-hwcmaacyd8.live-website.com\/","logo":{"@type":"ImageObject","inLanguage":"fr-FR","@id":"https:\/\/mirepoixpneusser-hwcmaacyd8.live-website.com\/#\/schema\/logo\/image\/","url":"https:\/\/i0.wp.com\/mirepoix-pneus-service-auto.com\/wp-content\/uploads\/2025\/04\/telechargement-1.png?fit=456%2C110&ssl=1","contentUrl":"https:\/\/i0.wp.com\/mirepoix-pneus-service-auto.com\/wp-content\/uploads\/2025\/04\/telechargement-1.png?fit=456%2C110&ssl=1","width":456,"height":110,"caption":"Mirepoix Pneus Service Auto"},"image":{"@id":"https:\/\/mirepoixpneusser-hwcmaacyd8.live-website.com\/#\/schema\/logo\/image\/"}}]}},"jetpack_sharing_enabled":true,"_links":{"self":[{"href":"https:\/\/mirepoix-pneus-service-auto.com\/index.php?rest_route=\/wp\/v2\/product\/709","targetHints":{"allow":["GET"]}}],"collection":[{"href":"https:\/\/mirepoix-pneus-service-auto.com\/index.php?rest_route=\/wp\/v2\/product"}],"about":[{"href":"https:\/\/mirepoix-pneus-service-auto.com\/index.php?rest_route=\/wp\/v2\/types\/product"}],"replies":[{"embeddable":true,"href":"https:\/\/mirepoix-pneus-service-auto.com\/index.php?rest_route=%2Fwp%2Fv2%2Fcomments&post=709"}],"wp:featuredmedia":[{"embeddable":true,"href":"https:\/\/mirepoix-pneus-service-auto.com\/index.php?rest_route=\/wp\/v2\/media\/714"}],"wp:attachment":[{"href":"https:\/\/mirepoix-pneus-service-auto.com\/index.php?rest_route=%2Fwp%2Fv2%2Fmedia&parent=709"}],"wp:term":[{"taxonomy":"product_brand","embeddable":true,"href":"https:\/\/mirepoix-pneus-service-auto.com\/index.php?rest_route=%2Fwp%2Fv2%2Fproduct_brand&post=709"},{"taxonomy":"product_cat","embeddable":true,"href":"https:\/\/mirepoix-pneus-service-auto.com\/index.php?rest_route=%2Fwp%2Fv2%2Fproduct_cat&post=709"},{"taxonomy":"product_tag","embeddable":true,"href":"https:\/\/mirepoix-pneus-service-auto.com\/index.php?rest_route=%2Fwp%2Fv2%2Fproduct_tag&post=709"}],"curies":[{"name":"wp","href":"https:\/\/api.w.org\/{rel}","templated":true}]}}