{"id":97,"date":"2025-04-04T08:54:08","date_gmt":"2025-04-04T08:54:08","guid":{"rendered":"https:\/\/mirepoix-pneus-service-auto.com\/?post_type=product&#038;p=97"},"modified":"2026-04-17T01:17:32","modified_gmt":"2026-04-17T01:17:32","slug":"voiture-de-collection-jaguar-doccasion","status":"publish","type":"product","link":"https:\/\/mirepoix-pneus-service-auto.com\/?product=voiture-de-collection-jaguar-doccasion","title":{"rendered":"JAGUAR VOITURE DE COLLECTION"},"content":{"rendered":"<h1>D\u00e9couvrez cet magnifique jaguar de collection<\/h1>\n<p class=\"\" data-start=\"656\" data-end=\"1132\">Cette VOITURE DE COLLECTION JAGUAR D&rsquo;OCCASION, soigneusement entretenue au fil des ann\u00e9es, affiche un kilom\u00e9trage de <strong data-start=\"754\" data-end=\"768\">237 000 km<\/strong>, t\u00e9moignant de sa fiabilit\u00e9 et de sa long\u00e9vit\u00e9. Elle a b\u00e9n\u00e9fici\u00e9 de r\u00e9visions r\u00e9guli\u00e8res, d\u2019un suivi rigoureux et de nombreuses attentions pour conserver ses caract\u00e9ristiques d\u2019origine.<\/p>\n<p class=\"\" data-start=\"656\" data-end=\"1132\">Son int\u00e9rieur en cuir, ses finitions bois ou m\u00e9tal d\u2019\u00e9poque, ainsi que ses \u00e9quipements d\u2019origine font d\u2019elle une v\u00e9ritable pi\u00e8ce de collection, pr\u00eate \u00e0 rouler ou \u00e0 \u00eatre expos\u00e9e.<\/p>\n<p class=\"\" data-start=\"1134\" data-end=\"1459\">Id\u00e9ale pour les passionn\u00e9s de voitures classiques, les collectionneurs ou encore les amateurs de v\u00e9hicules de prestige. Cette <strong data-start=\"1260\" data-end=\"1296\">voiture de collection d\u2019occasion<\/strong> repr\u00e9sente un excellent investissement patrimonial. De plus, elle peut b\u00e9n\u00e9ficier de certains avantages fiscaux ou d\u2019assurance en tant que v\u00e9hicule de collection.<\/p>\n<h2 data-start=\"187\" data-end=\"280\"><strong data-start=\"187\" data-end=\"280\">Voiture de collection jaguar d\u2019occasion \u2013 Un mod\u00e8le d\u2019exception pour les passionn\u00e9s d\u2019automobile<\/strong><\/h2>\n<ul>\n<li data-start=\"282\" data-end=\"654\">D\u00e9couvrez cette magnifique <strong data-start=\"309\" data-end=\"345\">voiture de collection d&rsquo;occasion<\/strong>, un mod\u00e8le rare qui incarne \u00e0 la fois le charme intemporel de l\u2019automobile classique mais aussi la performance m\u00e9canique d\u2019une grande marque.<\/li>\n<li data-start=\"282\" data-end=\"654\">Avec ses lignes \u00e9l\u00e9gantes, son design authentique et son moteur robuste, cette voiture s\u2019adresse aux amateurs de belles m\u00e9caniques, de style vintage et d\u2019histoire automobile.<\/li>\n<li data-start=\"282\" data-end=\"654\">Que vous soyez amateur de <strong data-start=\"1487\" data-end=\"1522\">voitures anglaises comme Jaguar<\/strong>, de mod\u00e8les allemands embl\u00e9matiques.<\/li>\n<li data-start=\"282\" data-end=\"654\">Cependant si vous fans d\u2019ic\u00f4nes fran\u00e7aises de des ann\u00e9es 60 \u00e0 90, cette voiture ne manquera pas de vous s\u00e9duire par son authenticit\u00e9 et sa noblesse.<\/li>\n<\/ul>\n<p class=\"\" data-start=\"1686\" data-end=\"1927\">N\u2019attendez plus pour ajouter \u00e0 votre garage un v\u00e9hicule d\u2019exception, \u00e0 la fois rare, \u00e9l\u00e9gant et charg\u00e9 d\u2019histoire. Cette <strong data-start=\"1807\" data-end=\"1843\">voiture d\u2019occasion de collection<\/strong> est disponible d\u00e8s maintenant, pr\u00eate \u00e0 retrouver un nouveau propri\u00e9taire passionn\u00e9.<\/p>\n<p class=\"\" data-start=\"1929\" data-end=\"2063\"><strong data-start=\"1929\" data-end=\"1963\">Contactez nous d\u00e8s aujourd\u2019hui<\/strong> pour plus d\u2019informations ou pour organiser une visite. Offrez vous une part de l\u00e9gende automobile !<\/p>\n","protected":false},"excerpt":{"rendered":"<h2><strong>VOITURE DE COLLECTION JAGUAR D&rsquo;OCCASION<\/strong> :<\/h2>\n<ul>\n<li>Cette VOITURE DE COLLECTION A l&rsquo;OCCASION est soigneusement entretenue au fil des ann\u00e9es, affiche un kilom\u00e9trage de <strong data-start=\"754\" data-end=\"768\">237 000 km<\/strong>, t\u00e9moignant de sa fiabilit\u00e9 et de sa long\u00e9vit\u00e9.<\/li>\n<li>D\u00e9couvrez cette magnifique voiture de collection d&rsquo;occasion, un mod\u00e8le rare qui incarne \u00e0 la fois le charme intemporel de l\u2019automobile classique mais aussi la performance m\u00e9canique d\u2019une grande marque.<\/li>\n<\/ul>\n","protected":false},"featured_media":99,"comment_status":"open","ping_status":"closed","template":"","meta":{"ocean_post_layout":"","ocean_both_sidebars_style":"","ocean_both_sidebars_content_width":0,"ocean_both_sidebars_sidebars_width":0,"ocean_sidebar":"0","ocean_second_sidebar":"0","ocean_disable_margins":"enable","ocean_add_body_class":"","ocean_shortcode_before_top_bar":"","ocean_shortcode_after_top_bar":"","ocean_shortcode_before_header":"","ocean_shortcode_after_header":"","ocean_has_shortcode":"","ocean_shortcode_after_title":"","ocean_shortcode_before_footer_widgets":"","ocean_shortcode_after_footer_widgets":"","ocean_shortcode_before_footer_bottom":"","ocean_shortcode_after_footer_bottom":"","ocean_display_top_bar":"default","ocean_display_header":"default","ocean_header_style":"","ocean_center_header_left_menu":"0","ocean_custom_header_template":"0","ocean_custom_logo":0,"ocean_custom_retina_logo":0,"ocean_custom_logo_max_width":0,"ocean_custom_logo_tablet_max_width":0,"ocean_custom_logo_mobile_max_width":0,"ocean_custom_logo_max_height":0,"ocean_custom_logo_tablet_max_height":0,"ocean_custom_logo_mobile_max_height":0,"ocean_header_custom_menu":"0","ocean_menu_typo_font_family":"0","ocean_menu_typo_font_subset":"","ocean_menu_typo_font_size":0,"ocean_menu_typo_font_size_tablet":0,"ocean_menu_typo_font_size_mobile":0,"ocean_menu_typo_font_size_unit":"px","ocean_menu_typo_font_weight":"","ocean_menu_typo_font_weight_tablet":"","ocean_menu_typo_font_weight_mobile":"","ocean_menu_typo_transform":"","ocean_menu_typo_transform_tablet":"","ocean_menu_typo_transform_mobile":"","ocean_menu_typo_line_height":0,"ocean_menu_typo_line_height_tablet":0,"ocean_menu_typo_line_height_mobile":0,"ocean_menu_typo_line_height_unit":"","ocean_menu_typo_spacing":0,"ocean_menu_typo_spacing_tablet":0,"ocean_menu_typo_spacing_mobile":0,"ocean_menu_typo_spacing_unit":"","ocean_menu_link_color":"","ocean_menu_link_color_hover":"","ocean_menu_link_color_active":"","ocean_menu_link_background":"","ocean_menu_link_hover_background":"","ocean_menu_link_active_background":"","ocean_menu_social_links_bg":"","ocean_menu_social_hover_links_bg":"","ocean_menu_social_links_color":"","ocean_menu_social_hover_links_color":"","ocean_disable_title":"default","ocean_disable_heading":"default","ocean_post_title":"","ocean_post_subheading":"","ocean_post_title_style":"","ocean_post_title_background_color":"","ocean_post_title_background":0,"ocean_post_title_bg_image_position":"","ocean_post_title_bg_image_attachment":"","ocean_post_title_bg_image_repeat":"","ocean_post_title_bg_image_size":"","ocean_post_title_height":0,"ocean_post_title_bg_overlay":0.5,"ocean_post_title_bg_overlay_color":"","ocean_disable_breadcrumbs":"default","ocean_breadcrumbs_color":"","ocean_breadcrumbs_separator_color":"","ocean_breadcrumbs_links_color":"","ocean_breadcrumbs_links_hover_color":"","ocean_display_footer_widgets":"default","ocean_display_footer_bottom":"default","ocean_custom_footer_template":"0"},"product_brand":[20],"product_cat":[18,32],"product_tag":[],"class_list":{"0":"post-97","1":"product","2":"type-product","3":"status-publish","4":"has-post-thumbnail","6":"product_brand-jaguar","7":"product_cat-jaguar","8":"product_cat-occasion","10":"entry","11":"has-media","13":"first","14":"instock","15":"taxable","16":"shipping-taxable","17":"purchasable","18":"product-type-variable","19":"has-default-attributes","20":"has-rating","21":"has-product-nav","22":"col","23":"span_1_of_4","24":"owp-content-center","25":"owp-thumbs-layout-horizontal","26":"owp-btn-normal","27":"owp-tabs-layout-horizontal"},"yoast_head":"<!-- This site is optimized with the Yoast SEO plugin v27.4 - https:\/\/yoast.com\/product\/yoast-seo-wordpress\/ -->\n<title>JAGUAR VOITURE DE COLLECTION - Mirepoix Pneus Service Auto<\/title>\n<meta name=\"description\" content=\"D\u00e9couvrez notre voiture Jaguar de collection d&#039;occasion en excellent \u00e9tat. Des voitures classiques soigneusement s\u00e9lectionn\u00e9es pour les passionn\u00e9s.\" \/>\n<meta name=\"robots\" content=\"index, follow, max-snippet:-1, max-image-preview:large, max-video-preview:-1\" \/>\n<link rel=\"canonical\" href=\"https:\/\/mirepoix-pneus-service-auto.com\/?product=voiture-de-collection-jaguar-doccasion\" \/>\n<meta property=\"og:locale\" content=\"fr_FR\" \/>\n<meta property=\"og:type\" content=\"article\" \/>\n<meta property=\"og:title\" content=\"JAGUAR VOITURE DE COLLECTION - Mirepoix Pneus Service Auto\" \/>\n<meta property=\"og:description\" content=\"D\u00e9couvrez notre voiture Jaguar de collection d&#039;occasion en excellent \u00e9tat. Des voitures classiques soigneusement s\u00e9lectionn\u00e9es pour les passionn\u00e9s.\" \/>\n<meta property=\"og:url\" content=\"https:\/\/mirepoix-pneus-service-auto.com\/?product=voiture-de-collection-jaguar-doccasion\" \/>\n<meta property=\"og:site_name\" content=\"Mirepoix Pneus Service Auto\" \/>\n<meta property=\"article:modified_time\" content=\"2026-04-17T01:17:32+00:00\" \/>\n<meta property=\"og:image\" content=\"https:\/\/mirepoix-pneus-service-auto.com\/wp-content\/uploads\/2025\/04\/IMG_20250321_112951_365-2-scaled.jpg\" \/>\n\t<meta property=\"og:image:width\" content=\"1920\" \/>\n\t<meta property=\"og:image:height\" content=\"2560\" \/>\n\t<meta property=\"og:image:type\" content=\"image\/jpeg\" \/>\n<meta name=\"twitter:card\" content=\"summary_large_image\" \/>\n<meta name=\"twitter:label1\" content=\"Dur\u00e9e de lecture estim\u00e9e\" \/>\n\t<meta name=\"twitter:data1\" content=\"2 minutes\" \/>\n<script type=\"application\/ld+json\" class=\"yoast-schema-graph\">{\"@context\":\"https:\\\/\\\/schema.org\",\"@graph\":[{\"@type\":\"WebPage\",\"@id\":\"https:\\\/\\\/mirepoix-pneus-service-auto.com\\\/?product=voiture-de-collection-jaguar-doccasion\",\"url\":\"https:\\\/\\\/mirepoix-pneus-service-auto.com\\\/?product=voiture-de-collection-jaguar-doccasion\",\"name\":\"JAGUAR VOITURE DE COLLECTION - Mirepoix Pneus Service Auto\",\"isPartOf\":{\"@id\":\"https:\\\/\\\/mirepoixpneusser-hwcmaacyd8.live-website.com\\\/#website\"},\"primaryImageOfPage\":{\"@id\":\"https:\\\/\\\/mirepoix-pneus-service-auto.com\\\/?product=voiture-de-collection-jaguar-doccasion#primaryimage\"},\"image\":{\"@id\":\"https:\\\/\\\/mirepoix-pneus-service-auto.com\\\/?product=voiture-de-collection-jaguar-doccasion#primaryimage\"},\"thumbnailUrl\":\"https:\\\/\\\/i0.wp.com\\\/mirepoix-pneus-service-auto.com\\\/wp-content\\\/uploads\\\/2025\\\/04\\\/IMG_20250321_112951_365-2-scaled.jpg?fit=1920%2C2560&ssl=1\",\"datePublished\":\"2025-04-04T08:54:08+00:00\",\"dateModified\":\"2026-04-17T01:17:32+00:00\",\"description\":\"D\u00e9couvrez notre voiture Jaguar de collection d'occasion en excellent \u00e9tat. Des voitures classiques soigneusement s\u00e9lectionn\u00e9es pour les passionn\u00e9s.\",\"breadcrumb\":{\"@id\":\"https:\\\/\\\/mirepoix-pneus-service-auto.com\\\/?product=voiture-de-collection-jaguar-doccasion#breadcrumb\"},\"inLanguage\":\"fr-FR\",\"potentialAction\":[{\"@type\":\"ReadAction\",\"target\":[\"https:\\\/\\\/mirepoix-pneus-service-auto.com\\\/?product=voiture-de-collection-jaguar-doccasion\"]}]},{\"@type\":\"ImageObject\",\"inLanguage\":\"fr-FR\",\"@id\":\"https:\\\/\\\/mirepoix-pneus-service-auto.com\\\/?product=voiture-de-collection-jaguar-doccasion#primaryimage\",\"url\":\"https:\\\/\\\/i0.wp.com\\\/mirepoix-pneus-service-auto.com\\\/wp-content\\\/uploads\\\/2025\\\/04\\\/IMG_20250321_112951_365-2-scaled.jpg?fit=1920%2C2560&ssl=1\",\"contentUrl\":\"https:\\\/\\\/i0.wp.com\\\/mirepoix-pneus-service-auto.com\\\/wp-content\\\/uploads\\\/2025\\\/04\\\/IMG_20250321_112951_365-2-scaled.jpg?fit=1920%2C2560&ssl=1\",\"width\":1920,\"height\":2560,\"caption\":\"@JAGUAR\"},{\"@type\":\"BreadcrumbList\",\"@id\":\"https:\\\/\\\/mirepoix-pneus-service-auto.com\\\/?product=voiture-de-collection-jaguar-doccasion#breadcrumb\",\"itemListElement\":[{\"@type\":\"ListItem\",\"position\":1,\"name\":\"Accueil\",\"item\":\"https:\\\/\\\/mirepoix-pneus-service-auto.com\\\/\"},{\"@type\":\"ListItem\",\"position\":2,\"name\":\"Boutique\",\"item\":\"https:\\\/\\\/mirepoix-pneus-service-auto.com\\\/?page_id=41\"},{\"@type\":\"ListItem\",\"position\":3,\"name\":\"JAGUAR VOITURE DE COLLECTION\"}]},{\"@type\":\"WebSite\",\"@id\":\"https:\\\/\\\/mirepoixpneusser-hwcmaacyd8.live-website.com\\\/#website\",\"url\":\"https:\\\/\\\/mirepoixpneusser-hwcmaacyd8.live-website.com\\\/\",\"name\":\"Mirepoix Pneus Service Auto\",\"description\":\"Votre satisfaction est Notre priorit&eacute;\",\"publisher\":{\"@id\":\"https:\\\/\\\/mirepoixpneusser-hwcmaacyd8.live-website.com\\\/#organization\"},\"potentialAction\":[{\"@type\":\"SearchAction\",\"target\":{\"@type\":\"EntryPoint\",\"urlTemplate\":\"https:\\\/\\\/mirepoixpneusser-hwcmaacyd8.live-website.com\\\/?s={search_term_string}\"},\"query-input\":{\"@type\":\"PropertyValueSpecification\",\"valueRequired\":true,\"valueName\":\"search_term_string\"}}],\"inLanguage\":\"fr-FR\"},{\"@type\":\"Organization\",\"@id\":\"https:\\\/\\\/mirepoixpneusser-hwcmaacyd8.live-website.com\\\/#organization\",\"name\":\"Mirepoix Pneus Service Auto\",\"url\":\"https:\\\/\\\/mirepoixpneusser-hwcmaacyd8.live-website.com\\\/\",\"logo\":{\"@type\":\"ImageObject\",\"inLanguage\":\"fr-FR\",\"@id\":\"https:\\\/\\\/mirepoixpneusser-hwcmaacyd8.live-website.com\\\/#\\\/schema\\\/logo\\\/image\\\/\",\"url\":\"https:\\\/\\\/i0.wp.com\\\/mirepoix-pneus-service-auto.com\\\/wp-content\\\/uploads\\\/2025\\\/04\\\/telechargement-1.png?fit=456%2C110&ssl=1\",\"contentUrl\":\"https:\\\/\\\/i0.wp.com\\\/mirepoix-pneus-service-auto.com\\\/wp-content\\\/uploads\\\/2025\\\/04\\\/telechargement-1.png?fit=456%2C110&ssl=1\",\"width\":456,\"height\":110,\"caption\":\"Mirepoix Pneus Service Auto\"},\"image\":{\"@id\":\"https:\\\/\\\/mirepoixpneusser-hwcmaacyd8.live-website.com\\\/#\\\/schema\\\/logo\\\/image\\\/\"}}]}<\/script>\n<!-- \/ Yoast SEO plugin. -->","yoast_head_json":{"title":"JAGUAR VOITURE DE COLLECTION - Mirepoix Pneus Service Auto","description":"D\u00e9couvrez notre voiture Jaguar de collection d'occasion en excellent \u00e9tat. Des voitures classiques soigneusement s\u00e9lectionn\u00e9es pour les passionn\u00e9s.","robots":{"index":"index","follow":"follow","max-snippet":"max-snippet:-1","max-image-preview":"max-image-preview:large","max-video-preview":"max-video-preview:-1"},"canonical":"https:\/\/mirepoix-pneus-service-auto.com\/?product=voiture-de-collection-jaguar-doccasion","og_locale":"fr_FR","og_type":"article","og_title":"JAGUAR VOITURE DE COLLECTION - Mirepoix Pneus Service Auto","og_description":"D\u00e9couvrez notre voiture Jaguar de collection d'occasion en excellent \u00e9tat. Des voitures classiques soigneusement s\u00e9lectionn\u00e9es pour les passionn\u00e9s.","og_url":"https:\/\/mirepoix-pneus-service-auto.com\/?product=voiture-de-collection-jaguar-doccasion","og_site_name":"Mirepoix Pneus Service Auto","article_modified_time":"2026-04-17T01:17:32+00:00","og_image":[{"width":1920,"height":2560,"url":"https:\/\/mirepoix-pneus-service-auto.com\/wp-content\/uploads\/2025\/04\/IMG_20250321_112951_365-2-scaled.jpg","type":"image\/jpeg"}],"twitter_card":"summary_large_image","twitter_misc":{"Dur\u00e9e de lecture estim\u00e9e":"2 minutes"},"schema":{"@context":"https:\/\/schema.org","@graph":[{"@type":"WebPage","@id":"https:\/\/mirepoix-pneus-service-auto.com\/?product=voiture-de-collection-jaguar-doccasion","url":"https:\/\/mirepoix-pneus-service-auto.com\/?product=voiture-de-collection-jaguar-doccasion","name":"JAGUAR VOITURE DE COLLECTION - Mirepoix Pneus Service Auto","isPartOf":{"@id":"https:\/\/mirepoixpneusser-hwcmaacyd8.live-website.com\/#website"},"primaryImageOfPage":{"@id":"https:\/\/mirepoix-pneus-service-auto.com\/?product=voiture-de-collection-jaguar-doccasion#primaryimage"},"image":{"@id":"https:\/\/mirepoix-pneus-service-auto.com\/?product=voiture-de-collection-jaguar-doccasion#primaryimage"},"thumbnailUrl":"https:\/\/i0.wp.com\/mirepoix-pneus-service-auto.com\/wp-content\/uploads\/2025\/04\/IMG_20250321_112951_365-2-scaled.jpg?fit=1920%2C2560&ssl=1","datePublished":"2025-04-04T08:54:08+00:00","dateModified":"2026-04-17T01:17:32+00:00","description":"D\u00e9couvrez notre voiture Jaguar de collection d'occasion en excellent \u00e9tat. Des voitures classiques soigneusement s\u00e9lectionn\u00e9es pour les passionn\u00e9s.","breadcrumb":{"@id":"https:\/\/mirepoix-pneus-service-auto.com\/?product=voiture-de-collection-jaguar-doccasion#breadcrumb"},"inLanguage":"fr-FR","potentialAction":[{"@type":"ReadAction","target":["https:\/\/mirepoix-pneus-service-auto.com\/?product=voiture-de-collection-jaguar-doccasion"]}]},{"@type":"ImageObject","inLanguage":"fr-FR","@id":"https:\/\/mirepoix-pneus-service-auto.com\/?product=voiture-de-collection-jaguar-doccasion#primaryimage","url":"https:\/\/i0.wp.com\/mirepoix-pneus-service-auto.com\/wp-content\/uploads\/2025\/04\/IMG_20250321_112951_365-2-scaled.jpg?fit=1920%2C2560&ssl=1","contentUrl":"https:\/\/i0.wp.com\/mirepoix-pneus-service-auto.com\/wp-content\/uploads\/2025\/04\/IMG_20250321_112951_365-2-scaled.jpg?fit=1920%2C2560&ssl=1","width":1920,"height":2560,"caption":"@JAGUAR"},{"@type":"BreadcrumbList","@id":"https:\/\/mirepoix-pneus-service-auto.com\/?product=voiture-de-collection-jaguar-doccasion#breadcrumb","itemListElement":[{"@type":"ListItem","position":1,"name":"Accueil","item":"https:\/\/mirepoix-pneus-service-auto.com\/"},{"@type":"ListItem","position":2,"name":"Boutique","item":"https:\/\/mirepoix-pneus-service-auto.com\/?page_id=41"},{"@type":"ListItem","position":3,"name":"JAGUAR VOITURE DE COLLECTION"}]},{"@type":"WebSite","@id":"https:\/\/mirepoixpneusser-hwcmaacyd8.live-website.com\/#website","url":"https:\/\/mirepoixpneusser-hwcmaacyd8.live-website.com\/","name":"Mirepoix Pneus Service Auto","description":"Votre satisfaction est Notre priorit&eacute;","publisher":{"@id":"https:\/\/mirepoixpneusser-hwcmaacyd8.live-website.com\/#organization"},"potentialAction":[{"@type":"SearchAction","target":{"@type":"EntryPoint","urlTemplate":"https:\/\/mirepoixpneusser-hwcmaacyd8.live-website.com\/?s={search_term_string}"},"query-input":{"@type":"PropertyValueSpecification","valueRequired":true,"valueName":"search_term_string"}}],"inLanguage":"fr-FR"},{"@type":"Organization","@id":"https:\/\/mirepoixpneusser-hwcmaacyd8.live-website.com\/#organization","name":"Mirepoix Pneus Service Auto","url":"https:\/\/mirepoixpneusser-hwcmaacyd8.live-website.com\/","logo":{"@type":"ImageObject","inLanguage":"fr-FR","@id":"https:\/\/mirepoixpneusser-hwcmaacyd8.live-website.com\/#\/schema\/logo\/image\/","url":"https:\/\/i0.wp.com\/mirepoix-pneus-service-auto.com\/wp-content\/uploads\/2025\/04\/telechargement-1.png?fit=456%2C110&ssl=1","contentUrl":"https:\/\/i0.wp.com\/mirepoix-pneus-service-auto.com\/wp-content\/uploads\/2025\/04\/telechargement-1.png?fit=456%2C110&ssl=1","width":456,"height":110,"caption":"Mirepoix Pneus Service Auto"},"image":{"@id":"https:\/\/mirepoixpneusser-hwcmaacyd8.live-website.com\/#\/schema\/logo\/image\/"}}]}},"jetpack_sharing_enabled":true,"_links":{"self":[{"href":"https:\/\/mirepoix-pneus-service-auto.com\/index.php?rest_route=\/wp\/v2\/product\/97","targetHints":{"allow":["GET"]}}],"collection":[{"href":"https:\/\/mirepoix-pneus-service-auto.com\/index.php?rest_route=\/wp\/v2\/product"}],"about":[{"href":"https:\/\/mirepoix-pneus-service-auto.com\/index.php?rest_route=\/wp\/v2\/types\/product"}],"replies":[{"embeddable":true,"href":"https:\/\/mirepoix-pneus-service-auto.com\/index.php?rest_route=%2Fwp%2Fv2%2Fcomments&post=97"}],"wp:featuredmedia":[{"embeddable":true,"href":"https:\/\/mirepoix-pneus-service-auto.com\/index.php?rest_route=\/wp\/v2\/media\/99"}],"wp:attachment":[{"href":"https:\/\/mirepoix-pneus-service-auto.com\/index.php?rest_route=%2Fwp%2Fv2%2Fmedia&parent=97"}],"wp:term":[{"taxonomy":"product_brand","embeddable":true,"href":"https:\/\/mirepoix-pneus-service-auto.com\/index.php?rest_route=%2Fwp%2Fv2%2Fproduct_brand&post=97"},{"taxonomy":"product_cat","embeddable":true,"href":"https:\/\/mirepoix-pneus-service-auto.com\/index.php?rest_route=%2Fwp%2Fv2%2Fproduct_cat&post=97"},{"taxonomy":"product_tag","embeddable":true,"href":"https:\/\/mirepoix-pneus-service-auto.com\/index.php?rest_route=%2Fwp%2Fv2%2Fproduct_tag&post=97"}],"curies":[{"name":"wp","href":"https:\/\/api.w.org\/{rel}","templated":true}]}}